{"id":44,"date":"2024-08-19T11:56:47","date_gmt":"2024-08-19T08:56:47","guid":{"rendered":"https:\/\/trinityinvestments.ro\/?page_id=44"},"modified":"2025-03-14T18:18:49","modified_gmt":"2025-03-14T16:18:49","slug":"our-vision","status":"publish","type":"page","link":"https:\/\/trinityinvestments.ro\/pl\/","title":{"rendered":"Nasza wizja"},"content":{"rendered":"<div data-elementor-type=\"wp-page\" data-elementor-id=\"44\" class=\"elementor elementor-44\">\n\t\t\t\t<div class=\"elementor-element elementor-element-27b4f8e e-flex e-con-boxed e-con e-parent\" data-id=\"27b4f8e\" data-element_type=\"container\">\n\t\t\t\t\t<div class=\"e-con-inner\">\n\t\t\t\t<div class=\"elementor-element elementor-element-3f5e36a elementor-widget elementor-widget-text-editor\" data-id=\"3f5e36a\" data-element_type=\"widget\" data-widget_type=\"text-editor.default\">\n\t\t\t\t<div class=\"elementor-widget-container\">\n\t\t\t\t\t\t\t\t\t<h1 style=\"margin-bottom: 20px; text-align: center;\"><strong>TRANSFORMACJA PRZEMYS\u0141U SPO\u017bYWCZEGO W EUROPIE \u015aRODKOWEJ I WSCHODNIEJ<\/strong><\/h1><p>W Trinity Investments wykorzystujemy nasz\u0105 specjalistyczn\u0105 wiedz\u0119 z obszaru finans\u00f3w przedsi\u0119biorstw i produkcji \u017cywno\u015bci do zostania Twoim zaufanym partnerem. Nasz\u0105 misj\u0105 jest przejmowanie i wzmacnianie \u015bredniej wielko\u015bci, rodzinnych firm oraz budowanie ich wzrostu i rentowno\u015bci poprzez strategiczne ulepszenia i konsolidacj\u0119 rynku.<\/p>\t\t\t\t\t\t\t\t<\/div>\n\t\t\t\t<\/div>\n\t\t\t\t\t<\/div>\n\t\t\t\t<\/div>\n\t\t<div class=\"elementor-element elementor-element-8569a73 e-flex e-con-boxed e-con e-parent\" data-id=\"8569a73\" data-element_type=\"container\">\n\t\t\t\t\t<div class=\"e-con-inner\">\n\t\t<div class=\"elementor-element elementor-element-4c7981c e-con-full e-flex e-con e-child\" data-id=\"4c7981c\" data-element_type=\"container\">\n\t\t\t\t<div class=\"elementor-element elementor-element-7f391d1 elementor-widget elementor-widget-image\" data-id=\"7f391d1\" data-element_type=\"widget\" data-widget_type=\"image.default\">\n\t\t\t\t<div class=\"elementor-widget-container\">\n\t\t\t\t\t\t\t\t\t\t\t\t\t\t\t<img fetchpriority=\"high\" decoding=\"async\" width=\"1024\" height=\"598\" src=\"https:\/\/trinityinvestments.ro\/wp-content\/uploads\/2024\/08\/pexels-pixabay-326576sss-1024x598.avif\" class=\"attachment-large size-large wp-image-138 not-transparent\" alt=\"\" srcset=\"https:\/\/trinityinvestments.ro\/wp-content\/uploads\/2024\/08\/pexels-pixabay-326576sss-1024x598.avif 1024w, https:\/\/trinityinvestments.ro\/wp-content\/uploads\/2024\/08\/pexels-pixabay-326576sss-300x175.avif 300w, https:\/\/trinityinvestments.ro\/wp-content\/uploads\/2024\/08\/pexels-pixabay-326576sss-768x448.avif 768w, https:\/\/trinityinvestments.ro\/wp-content\/uploads\/2024\/08\/pexels-pixabay-326576sss-1536x897.avif 1536w, https:\/\/trinityinvestments.ro\/wp-content\/uploads\/2024\/08\/pexels-pixabay-326576sss-2048x1196.avif 2048w\" sizes=\"(max-width: 1024px) 100vw, 1024px\" data-has-transparency=\"false\" data-dominant-color=\"837259\" style=\"--dominant-color: #837259\" \/>\t\t\t\t\t\t\t\t\t\t\t\t\t\t\t<\/div>\n\t\t\t\t<\/div>\n\t\t\t\t<\/div>\n\t\t<div class=\"elementor-element elementor-element-4663b91 e-con-full e-flex e-con e-child\" data-id=\"4663b91\" data-element_type=\"container\">\n\t\t\t\t<div class=\"elementor-element elementor-element-c93eb0b elementor-widget elementor-widget-image\" data-id=\"c93eb0b\" data-element_type=\"widget\" data-widget_type=\"image.default\">\n\t\t\t\t<div class=\"elementor-widget-container\">\n\t\t\t\t\t\t\t\t\t\t\t\t\t\t\t<img decoding=\"async\" width=\"768\" height=\"448\" src=\"https:\/\/trinityinvestments.ro\/wp-content\/uploads\/2024\/08\/pexels-pixabay-326576-1-768x448.avif\" class=\"attachment-medium_large size-medium_large wp-image-165 not-transparent\" alt=\"\" srcset=\"https:\/\/trinityinvestments.ro\/wp-content\/uploads\/2024\/08\/pexels-pixabay-326576-1-768x448.avif 768w, https:\/\/trinityinvestments.ro\/wp-content\/uploads\/2024\/08\/pexels-pixabay-326576-1-300x175.avif 300w, https:\/\/trinityinvestments.ro\/wp-content\/uploads\/2024\/08\/pexels-pixabay-326576-1-1024x598.avif 1024w, https:\/\/trinityinvestments.ro\/wp-content\/uploads\/2024\/08\/pexels-pixabay-326576-1-1536x897.avif 1536w, https:\/\/trinityinvestments.ro\/wp-content\/uploads\/2024\/08\/pexels-pixabay-326576-1-2048x1196.avif 2048w\" sizes=\"(max-width: 768px) 100vw, 768px\" data-has-transparency=\"false\" data-dominant-color=\"505253\" style=\"--dominant-color: #505253\" \/>\t\t\t\t\t\t\t\t\t\t\t\t\t\t\t<\/div>\n\t\t\t\t<\/div>\n\t\t\t\t<\/div>\n\t\t\t\t\t<\/div>\n\t\t\t\t<\/div>\n\t\t\t\t<\/div>","protected":false},"excerpt":{"rendered":"<p>TRANSFORMING THE FOOD INDUSTRY ACROSS CENTRAL AND EASTERN EUROPE At Trinity Investments, we leverage our expertise in corporate finance and [&hellip;]<\/p>","protected":false},"author":1,"featured_media":0,"parent":0,"menu_order":0,"comment_status":"closed","ping_status":"closed","template":"","meta":{"site-sidebar-layout":"default","site-content-layout":"","ast-site-content-layout":"","site-content-style":"default","site-sidebar-style":"default","ast-global-header-display":"","ast-banner-title-visibility":"","ast-main-header-display":"","ast-hfb-above-header-display":"","ast-hfb-below-header-display":"","ast-hfb-mobile-header-display":"","site-post-title":"","ast-breadcrumbs-content":"","ast-featured-img":"","footer-sml-layout":"","theme-transparent-header-meta":"","adv-header-id-meta":"","stick-header-meta":"","header-above-stick-meta":"","header-main-stick-meta":"","header-below-stick-meta":"","astra-migrate-meta-layouts":"default","ast-page-background-enabled":"default","ast-page-background-meta":{"desktop":{"background-color":"var(--ast-global-color-4)","background-image":"","background-repeat":"repeat","background-position":"center center","background-size":"auto","background-attachment":"scroll","background-type":"","background-media":"","overlay-type":"","overlay-color":"","overlay-opacity":"","overlay-gradient":""},"tablet":{"background-color":"","background-image":"","background-repeat":"repeat","background-position":"center center","background-size":"auto","background-attachment":"scroll","background-type":"","background-media":"","overlay-type":"","overlay-color":"","overlay-opacity":"","overlay-gradient":""},"mobile":{"background-color":"","background-image":"","background-repeat":"repeat","background-position":"center center","background-size":"auto","background-attachment":"scroll","background-type":"","background-media":"","overlay-type":"","overlay-color":"","overlay-opacity":"","overlay-gradient":""}},"ast-content-background-meta":{"desktop":{"background-color":"var(--ast-global-color-5)","background-image":"","background-repeat":"repeat","background-position":"center center","background-size":"auto","background-attachment":"scroll","background-type":"","background-media":"","overlay-type":"","overlay-color":"","overlay-opacity":"","overlay-gradient":""},"tablet":{"background-color":"var(--ast-global-color-5)","background-image":"","background-repeat":"repeat","background-position":"center center","background-size":"auto","background-attachment":"scroll","background-type":"","background-media":"","overlay-type":"","overlay-color":"","overlay-opacity":"","overlay-gradient":""},"mobile":{"background-color":"var(--ast-global-color-5)","background-image":"","background-repeat":"repeat","background-position":"center center","background-size":"auto","background-attachment":"scroll","background-type":"","background-media":"","overlay-type":"","overlay-color":"","overlay-opacity":"","overlay-gradient":""}},"footnotes":""},"class_list":["post-44","page","type-page","status-publish","hentry"],"_links":{"self":[{"href":"https:\/\/trinityinvestments.ro\/pl\/wp-json\/wp\/v2\/pages\/44","targetHints":{"allow":["GET"]}}],"collection":[{"href":"https:\/\/trinityinvestments.ro\/pl\/wp-json\/wp\/v2\/pages"}],"about":[{"href":"https:\/\/trinityinvestments.ro\/pl\/wp-json\/wp\/v2\/types\/page"}],"author":[{"embeddable":true,"href":"https:\/\/trinityinvestments.ro\/pl\/wp-json\/wp\/v2\/users\/1"}],"replies":[{"embeddable":true,"href":"https:\/\/trinityinvestments.ro\/pl\/wp-json\/wp\/v2\/comments?post=44"}],"version-history":[{"count":26,"href":"https:\/\/trinityinvestments.ro\/pl\/wp-json\/wp\/v2\/pages\/44\/revisions"}],"predecessor-version":[{"id":262,"href":"https:\/\/trinityinvestments.ro\/pl\/wp-json\/wp\/v2\/pages\/44\/revisions\/262"}],"wp:attachment":[{"href":"https:\/\/trinityinvestments.ro\/pl\/wp-json\/wp\/v2\/media?parent=44"}],"curies":[{"name":"wp","href":"https:\/\/api.w.org\/{rel}","templated":true}]}}