{"id":34,"date":"2024-08-19T11:54:06","date_gmt":"2024-08-19T08:54:06","guid":{"rendered":"https:\/\/trinityinvestments.ro\/?page_id=34"},"modified":"2025-03-11T15:43:18","modified_gmt":"2025-03-11T13:43:18","slug":"about","status":"publish","type":"page","link":"https:\/\/trinityinvestments.ro\/pl\/about\/","title":{"rendered":"Zesp\u00f3\u0142"},"content":{"rendered":"<div data-elementor-type=\"wp-page\" data-elementor-id=\"34\" class=\"elementor elementor-34\">\n\t\t\t\t<div class=\"elementor-element elementor-element-5b173d2 e-flex e-con-boxed e-con e-parent\" data-id=\"5b173d2\" data-element_type=\"container\">\n\t\t\t\t\t<div class=\"e-con-inner\">\n\t\t<div class=\"elementor-element elementor-element-78954d7 e-con-full e-flex e-con e-child\" data-id=\"78954d7\" data-element_type=\"container\">\n\t\t\t\t<div class=\"elementor-element elementor-element-2d77950 elementor-widget elementor-widget-image\" data-id=\"2d77950\" data-element_type=\"widget\" data-widget_type=\"image.default\">\n\t\t\t\t<div class=\"elementor-widget-container\">\n\t\t\t\t\t\t\t\t\t\t\t\t\t\t\t<img fetchpriority=\"high\" decoding=\"async\" width=\"900\" height=\"600\" src=\"https:\/\/trinityinvestments.ro\/wp-content\/uploads\/2025\/03\/Andrei_Ursulescu_Trinity-Investments-Management-resize.jpg\" class=\"attachment-full size-full wp-image-232 not-transparent\" alt=\"\" srcset=\"https:\/\/trinityinvestments.ro\/wp-content\/uploads\/2025\/03\/Andrei_Ursulescu_Trinity-Investments-Management-resize.jpg 900w, https:\/\/trinityinvestments.ro\/wp-content\/uploads\/2025\/03\/Andrei_Ursulescu_Trinity-Investments-Management-resize-300x200.jpg 300w, https:\/\/trinityinvestments.ro\/wp-content\/uploads\/2025\/03\/Andrei_Ursulescu_Trinity-Investments-Management-resize-768x512.jpg 768w, https:\/\/trinityinvestments.ro\/wp-content\/uploads\/2025\/03\/Andrei_Ursulescu_Trinity-Investments-Management-resize-18x12.jpg 18w\" sizes=\"(max-width: 900px) 100vw, 900px\" data-has-transparency=\"false\" data-dominant-color=\"232426\" style=\"--dominant-color: #232426\" \/>\t\t\t\t\t\t\t\t\t\t\t\t\t\t\t<\/div>\n\t\t\t\t<\/div>\n\t\t\t\t<\/div>\n\t\t<div class=\"elementor-element elementor-element-d56247e e-con-full e-flex e-con e-child\" data-id=\"d56247e\" data-element_type=\"container\">\n\t\t\t\t<div class=\"elementor-element elementor-element-66c3ed7 elementor-widget elementor-widget-text-editor\" data-id=\"66c3ed7\" data-element_type=\"widget\" data-widget_type=\"text-editor.default\">\n\t\t\t\t<div class=\"elementor-widget-container\">\n\t\t\t\t\t\t\t\t\t<h3><strong>ANDREI URSULESCU<\/strong><\/h3>\n<p><strong>Za\u0142o\u017cyciel i Partner Zarz\u0105dzaj\u0105cy TIM<\/strong><\/p>\n<ul>\n<li>Selected post-degree education:\n<ul>\n<li>Programme for Leadership Development \u2013 Harvard Business School<\/li>\n<li>Mergers &amp; Acquisitions \u2013 London Business School<\/li>\n<\/ul>\n<\/li>\n<li>Uko\u0144czy\u0142 ekonomi\u0119 na Szwajcarsko-W\u0142oskim Uniwersytecie Pa\u0144stwowym w Lugano, Szwajcaria<\/li>\n<li>Od 2011 \u2013 Dyrektor Generalny Scandia Food Group<\/li>\n<li>Anio\u0142 Biznesu w VC Desprevin.ro, jednym z najbardziej znanych internetowych dystrybutor\u00f3w wina<\/li>\n<li>Aktywny inwestor w Trumed \u2013 domowe us\u0142ugi medyczne<\/li>\n<\/ul>\t\t\t\t\t\t\t\t<\/div>\n\t\t\t\t<\/div>\n\t\t\t\t<\/div>\n\t\t\t\t\t<\/div>\n\t\t\t\t<\/div>\n\t\t<div class=\"elementor-element elementor-element-056cb95 e-flex e-con-boxed e-con e-parent\" data-id=\"056cb95\" data-element_type=\"container\">\n\t\t\t\t\t<div class=\"e-con-inner\">\n\t\t<div class=\"elementor-element elementor-element-f0c58c7 e-con-full e-flex e-con e-child\" data-id=\"f0c58c7\" data-element_type=\"container\">\n\t\t\t\t<div class=\"elementor-element elementor-element-32ebdf8 elementor-widget elementor-widget-image\" data-id=\"32ebdf8\" data-element_type=\"widget\" data-widget_type=\"image.default\">\n\t\t\t\t<div class=\"elementor-widget-container\">\n\t\t\t\t\t\t\t\t\t\t\t\t\t\t\t<img decoding=\"async\" width=\"900\" height=\"600\" src=\"https:\/\/trinityinvestments.ro\/wp-content\/uploads\/2025\/03\/Mateusz-Topp_Trinity-Investments-Management-resize.jpg\" class=\"attachment-full size-full wp-image-233 not-transparent\" alt=\"\" srcset=\"https:\/\/trinityinvestments.ro\/wp-content\/uploads\/2025\/03\/Mateusz-Topp_Trinity-Investments-Management-resize.jpg 900w, https:\/\/trinityinvestments.ro\/wp-content\/uploads\/2025\/03\/Mateusz-Topp_Trinity-Investments-Management-resize-300x200.jpg 300w, https:\/\/trinityinvestments.ro\/wp-content\/uploads\/2025\/03\/Mateusz-Topp_Trinity-Investments-Management-resize-768x512.jpg 768w, https:\/\/trinityinvestments.ro\/wp-content\/uploads\/2025\/03\/Mateusz-Topp_Trinity-Investments-Management-resize-18x12.jpg 18w\" sizes=\"(max-width: 900px) 100vw, 900px\" data-has-transparency=\"false\" data-dominant-color=\"55565f\" style=\"--dominant-color: #55565f\" \/>\t\t\t\t\t\t\t\t\t\t\t\t\t\t\t<\/div>\n\t\t\t\t<\/div>\n\t\t\t\t<\/div>\n\t\t<div class=\"elementor-element elementor-element-bd34a2f e-con-full e-flex e-con e-child\" data-id=\"bd34a2f\" data-element_type=\"container\">\n\t\t\t\t<div class=\"elementor-element elementor-element-dab982a elementor-widget elementor-widget-text-editor\" data-id=\"dab982a\" data-element_type=\"widget\" data-widget_type=\"text-editor.default\">\n\t\t\t\t<div class=\"elementor-widget-container\">\n\t\t\t\t\t\t\t\t\t<h3><strong>MATEUSZ TOPP<\/strong><\/h3><p><strong>Za\u0142o\u017cyciel i Partner Zarz\u0105dzaj\u0105cy TIM<\/strong><\/p><ul><li>Uko\u0144czy\u0142 z wyr\u00f3\u017cnieniem Szko\u0142\u0119 G\u0142\u00f3wn\u0105 Gospodarki w Warszawie (Finanse i Bankowo\u015b\u0107)<\/li><li>Od 2023 r. \u2013 Chief Strategy Officer, Scandia Food<\/li><li>2010-2015 \u2013 Raiffeisen, praktyka M+A<\/li><li>Od 2015 \u2013 Comet Advisory (butik inwestycyjny)<\/li><li>2010-2015 \u2013 Raiffeisen, praktyka M+A<\/li><li>Business Angel at VC start-ups (Weartech, Kogena) and Family ventures (Zegluga Mazowiecka)<\/li><\/ul>\t\t\t\t\t\t\t\t<\/div>\n\t\t\t\t<\/div>\n\t\t\t\t<\/div>\n\t\t\t\t\t<\/div>\n\t\t\t\t<\/div>\n\t\t\t\t<\/div>","protected":false},"excerpt":{"rendered":"<p>ANDREI URSULESCU Founder &amp; Managing Partner of TIM Selected post-degree education: Programme for Leadership Development \u2013 Harvard Business School Mergers [&hellip;]<\/p>","protected":false},"author":1,"featured_media":0,"parent":0,"menu_order":0,"comment_status":"closed","ping_status":"closed","template":"","meta":{"site-sidebar-layout":"default","site-content-layout":"","ast-site-content-layout":"","site-content-style":"default","site-sidebar-style":"default","ast-global-header-display":"","ast-banner-title-visibility":"","ast-main-header-display":"","ast-hfb-above-header-display":"","ast-hfb-below-header-display":"","ast-hfb-mobile-header-display":"","site-post-title":"","ast-breadcrumbs-content":"","ast-featured-img":"","footer-sml-layout":"","theme-transparent-header-meta":"","adv-header-id-meta":"","stick-header-meta":"","header-above-stick-meta":"","header-main-stick-meta":"","header-below-stick-meta":"","astra-migrate-meta-layouts":"default","ast-page-background-enabled":"default","ast-page-background-meta":{"desktop":{"background-color":"var(--ast-global-color-4)","background-image":"","background-repeat":"repeat","background-position":"center center","background-size":"auto","background-attachment":"scroll","background-type":"","background-media":"","overlay-type":"","overlay-color":"","overlay-opacity":"","overlay-gradient":""},"tablet":{"background-color":"","background-image":"","background-repeat":"repeat","background-position":"center center","background-size":"auto","background-attachment":"scroll","background-type":"","background-media":"","overlay-type":"","overlay-color":"","overlay-opacity":"","overlay-gradient":""},"mobile":{"background-color":"","background-image":"","background-repeat":"repeat","background-position":"center center","background-size":"auto","background-attachment":"scroll","background-type":"","background-media":"","overlay-type":"","overlay-color":"","overlay-opacity":"","overlay-gradient":""}},"ast-content-background-meta":{"desktop":{"background-color":"var(--ast-global-color-5)","background-image":"","background-repeat":"repeat","background-position":"center center","background-size":"auto","background-attachment":"scroll","background-type":"","background-media":"","overlay-type":"","overlay-color":"","overlay-opacity":"","overlay-gradient":""},"tablet":{"background-color":"var(--ast-global-color-5)","background-image":"","background-repeat":"repeat","background-position":"center center","background-size":"auto","background-attachment":"scroll","background-type":"","background-media":"","overlay-type":"","overlay-color":"","overlay-opacity":"","overlay-gradient":""},"mobile":{"background-color":"var(--ast-global-color-5)","background-image":"","background-repeat":"repeat","background-position":"center center","background-size":"auto","background-attachment":"scroll","background-type":"","background-media":"","overlay-type":"","overlay-color":"","overlay-opacity":"","overlay-gradient":""}},"footnotes":""},"class_list":["post-34","page","type-page","status-publish","hentry"],"_links":{"self":[{"href":"https:\/\/trinityinvestments.ro\/pl\/wp-json\/wp\/v2\/pages\/34","targetHints":{"allow":["GET"]}}],"collection":[{"href":"https:\/\/trinityinvestments.ro\/pl\/wp-json\/wp\/v2\/pages"}],"about":[{"href":"https:\/\/trinityinvestments.ro\/pl\/wp-json\/wp\/v2\/types\/page"}],"author":[{"embeddable":true,"href":"https:\/\/trinityinvestments.ro\/pl\/wp-json\/wp\/v2\/users\/1"}],"replies":[{"embeddable":true,"href":"https:\/\/trinityinvestments.ro\/pl\/wp-json\/wp\/v2\/comments?post=34"}],"version-history":[{"count":39,"href":"https:\/\/trinityinvestments.ro\/pl\/wp-json\/wp\/v2\/pages\/34\/revisions"}],"predecessor-version":[{"id":248,"href":"https:\/\/trinityinvestments.ro\/pl\/wp-json\/wp\/v2\/pages\/34\/revisions\/248"}],"wp:attachment":[{"href":"https:\/\/trinityinvestments.ro\/pl\/wp-json\/wp\/v2\/media?parent=34"}],"curies":[{"name":"wp","href":"https:\/\/api.w.org\/{rel}","templated":true}]}}