{"id":184,"date":"2024-09-26T11:43:15","date_gmt":"2024-09-26T08:43:15","guid":{"rendered":"https:\/\/trinityinvestments.ro\/?page_id=184"},"modified":"2024-09-26T12:10:34","modified_gmt":"2024-09-26T09:10:34","slug":"sustainability","status":"publish","type":"page","link":"https:\/\/trinityinvestments.ro\/pl\/sustainability\/","title":{"rendered":"Zr\u00f3wnowa\u017cony rozw\u00f3j"},"content":{"rendered":"<div data-elementor-type=\"wp-page\" data-elementor-id=\"184\" class=\"elementor elementor-184\">\n\t\t\t\t<div class=\"elementor-element elementor-element-612634e e-flex e-con-boxed e-con e-parent\" data-id=\"612634e\" data-element_type=\"container\">\n\t\t\t\t\t<div class=\"e-con-inner\">\n\t\t\t\t<div class=\"elementor-element elementor-element-c35542e elementor-widget elementor-widget-text-editor\" data-id=\"c35542e\" data-element_type=\"widget\" data-widget_type=\"text-editor.default\">\n\t\t\t\t<div class=\"elementor-widget-container\">\n\t\t\t\t\t\t\t\t\t<h3>Nasze zaanga\u017cowanie w zr\u00f3wnowa\u017cony rozw\u00f3j korporacyjny<\/h3>\n\n<p>W Trinity Investments wierzymy, \u017ce d\u0142ugoterminowy sukces w biznesie idzie w parze z odpowiedzialnymi praktykami w zakresie ochrony \u015brodowiska, odpowiedzialno\u015bci spo\u0142ecznej i \u0142adu korporacyjnego (ESG). Jako firma inwestycyjna my\u015bl\u0105ca przysz\u0142o\u015bciowo, jeste\u015bmy g\u0142\u0119boko zaanga\u017cowani we wspieranie zr\u00f3wnowa\u017conego wzrostu we wszystkich naszych operacjach i inwestycjach, zapewniaj\u0105c, \u017ce wywieramy pozytywny wp\u0142yw na spo\u0142eczno\u015bci i ekosystemy, z kt\u00f3rymi wsp\u00f3\u0142pracujemy.<\/p>\n\n<p>Zdajemy sobie spraw\u0119, \u017ce zr\u00f3wnowa\u017cony rozw\u00f3j to nie tylko wyb\u00f3r, ale konieczno\u015b\u0107 tworzenia odpornych, przysz\u0142o\u015bciowych firm. Nasze strategie inwestycyjne traktuj\u0105 priorytetowo etyczne praktyki, efektywne gospodarowanie zasobami i innowacyjne rozwi\u0105zania, kt\u00f3re pomagaj\u0105 ograniczy\u0107 ryzyko \u015brodowiskowe, jednocze\u015bnie zwi\u0119kszaj\u0105c d\u0142ugoterminow\u0105 warto\u015b\u0107 dla wszystkich interesariuszy. W\u0142\u0105czaj\u0105c zasady ESG do naszego procesu decyzyjnego, d\u0105\u017cymy do wprowadzania pozytywnych zmian w bran\u017cach i rynkach, kt\u00f3re obs\u0142ugujemy.<\/p>\n\n<p>W Trinity Investments jeste\u015bmy zaanga\u017cowani w dostosowywanie si\u0119 do globalnych cel\u00f3w zr\u00f3wnowa\u017conego rozwoju, takich jak Cele Zr\u00f3wnowa\u017conego Rozwoju Organizacji Narod\u00f3w Zjednoczonych (SDGs), aby promowa\u0107 czystsz\u0105, bardziej ekologiczn\u0105 i sprawiedliw\u0105 przysz\u0142o\u015b\u0107. Stale doskonalimy nasze procesy, aby zminimalizowa\u0107 nasz \u015blad \u015brodowiskowy, wspiera\u0107 inicjatywy z zakresu odpowiedzialno\u015bci spo\u0142ecznej i zapewni\u0107 solidne struktury zarz\u0105dzania, kt\u00f3re promuj\u0105 przejrzysto\u015b\u0107 i odpowiedzialno\u015b\u0107.<\/p>\n\t\t\t\t\t\t\t\t<\/div>\n\t\t\t\t<\/div>\n\t\t\t\t\t<\/div>\n\t\t\t\t<\/div>\n\t\t\t\t<\/div>","protected":false},"excerpt":{"rendered":"<p>Our Commitment to Corporate Sustainability At Trinity Investments, we believe that long-term success in business goes hand-in-hand with responsible environmental, [&hellip;]<\/p>","protected":false},"author":1,"featured_media":0,"parent":0,"menu_order":0,"comment_status":"closed","ping_status":"closed","template":"","meta":{"site-sidebar-layout":"no-sidebar","site-content-layout":"","ast-site-content-layout":"full-width-container","site-content-style":"default","site-sidebar-style":"default","ast-global-header-display":"","ast-banner-title-visibility":"","ast-main-header-display":"","ast-hfb-above-header-display":"","ast-hfb-below-header-display":"","ast-hfb-mobile-header-display":"","site-post-title":"disabled","ast-breadcrumbs-content":"","ast-featured-img":"disabled","footer-sml-layout":"","theme-transparent-header-meta":"","adv-header-id-meta":"","stick-header-meta":"","header-above-stick-meta":"","header-main-stick-meta":"","header-below-stick-meta":"","astra-migrate-meta-layouts":"default","ast-page-background-enabled":"default","ast-page-background-meta":{"desktop":{"background-color":"var(--ast-global-color-4)","background-image":"","background-repeat":"repeat","background-position":"center center","background-size":"auto","background-attachment":"scroll","background-type":"","background-media":"","overlay-type":"","overlay-color":"","overlay-opacity":"","overlay-gradient":""},"tablet":{"background-color":"","background-image":"","background-repeat":"repeat","background-position":"center center","background-size":"auto","background-attachment":"scroll","background-type":"","background-media":"","overlay-type":"","overlay-color":"","overlay-opacity":"","overlay-gradient":""},"mobile":{"background-color":"","background-image":"","background-repeat":"repeat","background-position":"center center","background-size":"auto","background-attachment":"scroll","background-type":"","background-media":"","overlay-type":"","overlay-color":"","overlay-opacity":"","overlay-gradient":""}},"ast-content-background-meta":{"desktop":{"background-color":"var(--ast-global-color-5)","background-image":"","background-repeat":"repeat","background-position":"center center","background-size":"auto","background-attachment":"scroll","background-type":"","background-media":"","overlay-type":"","overlay-color":"","overlay-opacity":"","overlay-gradient":""},"tablet":{"background-color":"var(--ast-global-color-5)","background-image":"","background-repeat":"repeat","background-position":"center center","background-size":"auto","background-attachment":"scroll","background-type":"","background-media":"","overlay-type":"","overlay-color":"","overlay-opacity":"","overlay-gradient":""},"mobile":{"background-color":"var(--ast-global-color-5)","background-image":"","background-repeat":"repeat","background-position":"center center","background-size":"auto","background-attachment":"scroll","background-type":"","background-media":"","overlay-type":"","overlay-color":"","overlay-opacity":"","overlay-gradient":""}},"footnotes":""},"class_list":["post-184","page","type-page","status-publish","hentry"],"_links":{"self":[{"href":"https:\/\/trinityinvestments.ro\/pl\/wp-json\/wp\/v2\/pages\/184","targetHints":{"allow":["GET"]}}],"collection":[{"href":"https:\/\/trinityinvestments.ro\/pl\/wp-json\/wp\/v2\/pages"}],"about":[{"href":"https:\/\/trinityinvestments.ro\/pl\/wp-json\/wp\/v2\/types\/page"}],"author":[{"embeddable":true,"href":"https:\/\/trinityinvestments.ro\/pl\/wp-json\/wp\/v2\/users\/1"}],"replies":[{"embeddable":true,"href":"https:\/\/trinityinvestments.ro\/pl\/wp-json\/wp\/v2\/comments?post=184"}],"version-history":[{"count":4,"href":"https:\/\/trinityinvestments.ro\/pl\/wp-json\/wp\/v2\/pages\/184\/revisions"}],"predecessor-version":[{"id":199,"href":"https:\/\/trinityinvestments.ro\/pl\/wp-json\/wp\/v2\/pages\/184\/revisions\/199"}],"wp:attachment":[{"href":"https:\/\/trinityinvestments.ro\/pl\/wp-json\/wp\/v2\/media?parent=184"}],"curies":[{"name":"wp","href":"https:\/\/api.w.org\/{rel}","templated":true}]}}